{"id":83,"date":"2014-03-11T13:07:45","date_gmt":"2014-03-11T11:07:45","guid":{"rendered":"http:\/\/www.voxon.at\/academy\/?page_id=83"},"modified":"2021-08-19T08:59:35","modified_gmt":"2021-08-19T06:59:35","slug":"mateja-mackenzie-zwitter","status":"publish","type":"page","link":"https:\/\/academy.voxon.at\/?page_id=83","title":{"rendered":"Mateja Zwitter"},"content":{"rendered":"<p><strong><a href=\"http:\/\/academy.voxon.at\/wp-content\/uploads\/2012\/09\/mackenzie_mateja.jpg\"><img loading=\"lazy\" decoding=\"async\" class=\"alignleft\" title=\"mackenzie_mateja\" src=\"http:\/\/academy.voxon.at\/wp-content\/uploads\/2012\/09\/mackenzie_mateja-288x300.jpg\" alt=\"\" width=\"186\" height=\"194\" \/><\/a><\/strong>Mateja Zwitter ist professionelle Musikerin und S\u00e4ngerin, die regelm\u00e4\u00dfig konzertiert und als Vocal-Coach im Einsatz ist. Daneben widmet sie sich musikalischen Projekten in Gro\u00dfbrittanien, Slowenien und \u00d6sterreich. Das Alter ihrer Sch\u00fclerinnen und Sch\u00fcler ist, wie auch deren F\u00e4higkeiten und Gesangsstile, sehr unterschiedlich. Bei den Unterrichtseinheiten wird dich Mateja vorallem in den Bereichen des Soul-, Jazz-, Gospel- und Popgesangs unterst\u00fctzen. Dabei greift sie auf ihr umfassendes Wissen und K\u00f6nnen, das sie sich w\u00e4hrend ihres Gesangs- und Musikprojektmanagementstudiums an der Londoner Goldsmiths Universit\u00e4t aneignete. Ihr Wunsch ist es, dass sie mit Hilfe der Musik m\u00f6glichst viele Menschen miteinander verbindet und ihre Erfahrungen mit ihnen teilt.<\/p>\n<p>Mateja Zwitter je profesionalna glasbenica ter vokalistka, ki se ne ukvarja le z u\u010denjem ter koncertiranjem, temve\u010d tudi ustvarjanjem in izvajanjem glasbenih projektov v Veliki Britaniji, Sloveniji ter Avstriji. Starost njenih u\u010dencev je zelo raznolika, kakor tudi sposobnost ter stil petja. Na\u010din u\u010denja solo petja je raznolik. Od individualnih ur, delavnic, glasbenih projektov ter zborov, vas bo Mateja seznanila predvsem z Soul\/Jazz\/Gospel in Pop stilom glasbe.<br \/>\nZaradi velike \u017eelje po profesionanem znanju, je uspe\u0161no zaklju\u010dila \u0161tudij solo petja ter manegiranja glasbenih projektov ter delavnic na Londonski univerzi \u2013 Goldsmiths. Njena \u017eelja je povezati \u010dim ve\u010d ljudi skozi glasbo, ter deliti svoje znanje ter izku\u0161nje z njimi.<\/p>\n<p><strong>Musikausbildung | Glasbena Izobrazba<\/strong><\/p>\n<ul>\n<li>1988-1994<br \/>\nOsnovna glasbena \u0161ola Ljubljana |<br \/>\nGrundschule f\u00fcr Musik in Ljubljana (Klavier)<\/li>\n<li>2000-2002<br \/>\nJazzgesang und Improvisation |<br \/>\njazz solo petje ter improvizacija<\/li>\n<li>2000-2002<br \/>\nKlassischer Gesang |<br \/>\nKlasi\u010dno solo petje<\/li>\n<li>2005-2008<br \/>\nIntegrated Degree in Advanced Jazz\/Soul\/Gospel Solo Singing \u2013 Goldsmiths College,University of London<\/li>\n<li>2005-2008<br \/>\nNational Diploma in Community Music, Goldsmiths College, University of London<\/li>\n<li>2006-2007<br \/>\nMusic Foundation<\/li>\n<\/ul>\n<p><strong>T\u00e4tigkeiten | Dejavnosti<\/strong><\/p>\n<ul>\n<li>Zusammenarbeit mit dem \u201cLondon Community Gospel Choir\u201d beim Projekt Oliver Dragojevic in der Royal Albert Hall (April 2010)<br \/>\nVokalno sodelovanje z \u201cLondon Community Gospel Choir\u201d pri projektu Oliver Dragojevic v Royal Albert Hall (April 2010)<\/li>\n<li>Vocal coach und S\u00e4ngerin von Perpetuum Jazzile<br \/>\nIndividualni Vocal coach ter pevka modernega zbora \u201cPerpetum Jazzille\u201d<\/li>\n<li>Leiterin der Sommerschule f\u00fcr Musik &#8222;U Can Sing&#8220; (Ljubljana 2009-2012)<br \/>\nVodja poletne \u0161ole petja oz. poletnega glasbenega projekta &#8222;U Can Sing&#8220; (Ljubljana 2009-2012)<\/li>\n<li>Leiterin der gr\u00f6\u00dften slowenische Vokaldiscoprojektes \u201cLove DISCO\u201d (Ljubljana 2010)<br \/>\nVodja najve\u010djega disco vokalnega projekta v Sloveniji \u201cLove DISCO\u201d (Ljubljana 2010)<\/li>\n<li>K\u00fcnstlerische Leiterin des modernen gemischten Chores &#8222;U Can Sing&#8220; (Slowenien)<br \/>\nUmetni\u0161ki vodja modernega me\u0161anega pevskega zobra &#8222;U Can Sing&#8220; (Slovenija)<\/li>\n<li>Gesangsunterricht (Soul\/Jazz\/Gospel) in englischen Grund- und Mittelschulen (Vorbereitung auf GCAS und A-Levels) sowie Modern Music College Celje (Slowenien)<br \/>\nU\u010denje solopetja (Soul\/Jazz\/Gospel) v osnovnih ter srednjih \u0161olah v Veliki Britaniji (priprava na GCAS ter A-levels) ter Modern Music College Celje (Slovenija)<\/li>\n<li>Leiterin von Musikprojekten und Workshops in Gro\u00dfbrittanien, Slowenien, \u00d6sterreich und Kroatien<br \/>\nVodja glasbenih projektov ter delavnic, v Veliki Britaniji, Sloveniji, Avstriji ter Hrvaski<\/li>\n<li>Arrangements f\u00fcr Vokalgruppen, Ch\u00f6re und S\u00e4nger<br \/>\nIzdelava glasbenih aran\u017emajev za pevske skupine, zbore ter solisti\u010dne izvajalce<\/li>\n<li>Singer \/ Songwriter<\/li>\n<li>Vocalcoach der Finalisten von &#8222;X Factor Slovenia&#8220;<br \/>\nVocal coach finalistov oddaje \u201cX Factor Slovenia\u201d<\/li>\n<li>Leiterin der &#8222;Kindergesangsschule&#8220; in Ljubljana<br \/>\nVodja \u201cOtro\u0161ke \u0161ole petja\u201d v Festivalni dvorani (Ljubljana)<\/li>\n<li>Vocalcoach von Vokal- und Musikgruppen sowie Ch\u00f6ren<br \/>\nVocal coaching z vokalnimi in glasbenimi skupinami, ter zbori.<\/li>\n<\/ul>\n","protected":false},"excerpt":{"rendered":"<p>Mateja Zwitter ist professionelle Musikerin und S\u00e4ngerin, die regelm\u00e4\u00dfig konzertiert und als Vocal-Coach im Einsatz ist. Daneben widmet sie sich musikalischen Projekten in Gro\u00dfbrittanien, Slowenien und \u00d6sterreich. Das Alter ihrer Sch\u00fclerinnen und Sch\u00fcler ist, wie auch deren F\u00e4higkeiten und Gesangsstile, sehr unterschiedlich. Bei den Unterrichtseinheiten wird dich Mateja vorallem in den Bereichen des Soul-, Jazz-, [&hellip;]<\/p>\n","protected":false},"author":1,"featured_media":0,"parent":16,"menu_order":0,"comment_status":"closed","ping_status":"closed","template":"","meta":{"footnotes":""},"class_list":["post-83","page","type-page","status-publish"],"_links":{"self":[{"href":"https:\/\/academy.voxon.at\/index.php?rest_route=\/wp\/v2\/pages\/83","targetHints":{"allow":["GET"]}}],"collection":[{"href":"https:\/\/academy.voxon.at\/index.php?rest_route=\/wp\/v2\/pages"}],"about":[{"href":"https:\/\/academy.voxon.at\/index.php?rest_route=\/wp\/v2\/types\/page"}],"author":[{"embeddable":true,"href":"https:\/\/academy.voxon.at\/index.php?rest_route=\/wp\/v2\/users\/1"}],"replies":[{"embeddable":true,"href":"https:\/\/academy.voxon.at\/index.php?rest_route=%2Fwp%2Fv2%2Fcomments&post=83"}],"version-history":[{"count":4,"href":"https:\/\/academy.voxon.at\/index.php?rest_route=\/wp\/v2\/pages\/83\/revisions"}],"predecessor-version":[{"id":756,"href":"https:\/\/academy.voxon.at\/index.php?rest_route=\/wp\/v2\/pages\/83\/revisions\/756"}],"up":[{"embeddable":true,"href":"https:\/\/academy.voxon.at\/index.php?rest_route=\/wp\/v2\/pages\/16"}],"wp:attachment":[{"href":"https:\/\/academy.voxon.at\/index.php?rest_route=%2Fwp%2Fv2%2Fmedia&parent=83"}],"curies":[{"name":"wp","href":"https:\/\/api.w.org\/{rel}","templated":true}]}}